{"id":26,"date":"2024-02-19T13:36:25","date_gmt":"2024-02-19T13:36:25","guid":{"rendered":"https:\/\/photophraser.com\/?page_id=26"},"modified":"2025-03-18T08:02:43","modified_gmt":"2025-03-18T08:02:43","slug":"politica-privacidad","status":"publish","type":"page","link":"https:\/\/photophraser.com\/?page_id=26","title":{"rendered":"Pol\u00edtica de privacidad"},"content":{"rendered":"\n[et_pb_section fb_built=\u00bb1&#8243; _builder_version=\u00bb4.24.0&#8243; _module_preset=\u00bbdefault\u00bb global_colors_info=\u00bb{}\u00bb][et_pb_row _builder_version=\u00bb4.24.0&#8243; _module_preset=\u00bbdefault\u00bb global_colors_info=\u00bb{}\u00bb][et_pb_column type=\u00bb4_4&#8243; _builder_version=\u00bb4.24.0&#8243; _module_preset=\u00bbdefault\u00bb global_colors_info=\u00bb{}\u00bb][et_pb_text _builder_version=\u00bb4.24.0&#8243; _module_preset=\u00bbdefault\u00bb global_colors_info=\u00bb{}\u00bb]<h1>POL\u00cdTICA DE PRIVACIDAD<\/h1>\n<p>En photophraser.com nos preocupamos por la privacidad y la transparencia.<\/p>\n<p>A continuaci\u00f3n, le indicamos en detalle los tratamientos de datos personales que realizamos, as\u00ed como toda la informaci\u00f3n relativa a los mismos.<\/p>\n<h2>PROTECCION DE DATOS PERSONALES \u2013 PRIVACIDAD<\/h2>\n<p>El prestador se encuentra profundamente comprometido con el cumplimiento de la normativa en protecci\u00f3n de datos de car\u00e1cter personal, y garantiza el cumplimiento \u00edntegro de las obligaciones dispuestas, as\u00ed como la implementaci\u00f3n de las medidas de seguridad t\u00e9cnicas y organizativas, seg\u00fan lo establecido en el Reglamento General de Protecci\u00f3n de Datos de Europa UE 2016\/679 (RGPD) y en la Ley 3\/2018 de Protecci\u00f3n de Datos y Garant\u00eda de los Derechos Digitales (LOPD-GDD)<\/p>\n<p>El prestador pone a disposici\u00f3n de los usuarios la Pol\u00edtica de Privacidad de la entidad informando a los usuarios respecto a los siguientes aspectos:<\/p>\n<p>Datos del responsable del tratamiento.<br \/>Finalidad.<br \/>Legitimaci\u00f3n.<br \/>Destinatarios.<br \/>Procedencia.<br \/>Informaci\u00f3n adicional.<br \/>Cuando precisemos obtener informaci\u00f3n personal por su parte, siempre se solicita que nos la proporcione de manera voluntariamente y de forma expresa.<\/p>\n<p>En cumplimiento la normativa en Protecci\u00f3n de Datos de Car\u00e1cter Personal, consiente expl\u00edcitamente a que los datos personales facilitados, sean tratados bajo nuestra responsabilidad, para realizar las siguientes finalidades.<\/p>\n<p>1.- Gestionar nuestra relaci\u00f3n y ofrecerle el servicio solicitado personalizado.<\/p>\n<p>2.- La tramitaci\u00f3n de consultas, asesoramiento, encargos, solicitudes o cualquier tipo de petici\u00f3n que sea realizada por el usuario a trav\u00e9s de cualquiera de las formas de contacto que se ponen a disposici\u00f3n del usuario en el sitio web de Photophraser.com o la APP de Photophraser.<\/p>\n<p>3.- Remisi\u00f3n de comunicaciones comerciales publicitarias sobre nuestros productos por e-mail, fax, SMS, MMS, comunidades sociales o cualesquier otro medio electr\u00f3nico o f\u00edsico, presente o futuro, que posibilite realizar comunicaciones comerciales.<\/p>\n<p>Todos los datos solicitados son obligatorios, de no facilitarlos, ser\u00eda imposible llevar a cabo la finalidad para la que se solicitan en cada caso.<\/p>\n<h2>INFORMACI\u00d3N DEL TRATAMIENTO<\/h2>\n<p>Seg\u00fan lo dispuesto en el Reglamento General de Protecci\u00f3n de Datos UE 2016\/679, y en la Ley 3\/2018 de Protecci\u00f3n de Datos Personales y Garant\u00edas de los Derechos Digitales, el usuario debe recibir informaci\u00f3n puntual y concreta del responsable del tratamiento y los usos y fines del mismo. Para ello, se indica la siguiente informaci\u00f3n:<\/p>\n<p>\u00bfQui\u00e9n es el responsable del tratamiento de sus datos?<br \/>Jos\u00e9 Miguel Rodr\u00edguez Hern\u00e1ndez<\/p>\n<p>80098718E<\/p>\n<p>Calle Aguasantas, 62 \u2013 06380 \u2013 Jerez de los Caballeros \u2013 Badajoz.<\/p>\n<p>hola@Photophraser.com.<\/p>\n<h3>\u00bfCon qu\u00e9 finalidad tratamos sus datos personales?<\/h3>\n<p>En Photophraser.com tratamos la informaci\u00f3n que nos facilitan las personas interesadas con el fin de realizar las siguientes finalidades:<\/p>\n<p>SERVICIOS: Generar las frases en funci\u00f3n de las im\u00e1genes facilitadas por el usuario.<\/p>\n<h3>\u00bfPor cu\u00e1nto tiempo conservaremos sus datos?<\/h3>\n<p>Los datos se conservar\u00e1n:<\/p>\n<p>Im\u00e1genes: Las im\u00e1genes no se almacenar\u00e1n. Solamente se usar\u00e1n para la generaci\u00f3n de frases.<\/p>\n<p>Formularios de contacto:<br \/>No se ceder\u00e1n datos a terceros, salvo obligaci\u00f3n legal.<\/p>\n<p>\u00bfCu\u00e1les son sus derechos cuando nos facilita sus datos?<br \/>Cualquier persona tiene derecho a obtener confirmaci\u00f3n sobre si en Photophraser.com estamos tratando, o no, datos personales que les conciernan.<\/p>\n<p>Las personas interesadas tienen derecho a acceder a sus datos personales, as\u00ed como a solicitar la rectificaci\u00f3n de los datos inexactos o, en su caso, solicitar su supresi\u00f3n cuando, entre otros motivos, los datos ya no sean necesarios para los fines que fueron recogidos. Igualmente tiene derecho a la portabilidad de sus datos.<\/p>\n<p>En determinadas circunstancias, los interesados podr\u00e1n solicitar la limitaci\u00f3n del tratamiento de sus datos, en cuyo caso \u00fanicamente los conservaremos para el ejercicio o la defensa de reclamaciones.<\/p>\n<p>En determinadas circunstancias y por motivos relacionados con su situaci\u00f3n particular, los interesados podr\u00e1n oponerse al tratamiento de sus datos. En este caso, Photophraser.com dejar\u00e1 de tratar los datos, salvo por motivos leg\u00edtimos imperiosos, o el ejercicio o la defensa de posibles reclamaciones.<\/p>\n<p>Podr\u00e1 ejercitar materialmente sus derechos de la siguiente forma: dirigi\u00e9ndose a hola@Photophraser.com o enviando un correo postal a Calle Aguasantas, 62 \u2013 06380 Jerez de los Caballeros, Badajoz (ESPA\u00d1A).<\/p>\n<p>Cuando se realice el env\u00edo de comunicaciones comerciales utilizando como base jur\u00eddica el inter\u00e9s leg\u00edtimo del responsable, el interesado podr\u00e1 oponerse al tratamiento de sus datos con ese fin.<\/p>\n<p>El consentimiento otorgado es para todas las finalidades indicadas cuya base legal es el consentimiento del interesado. Tiene derecho a retirar dicho consentimiento en cualquier momento, sin que ello afecte a la licitud del tratamiento basado en el consentimiento previo a su retirada.<\/p>\n<p>En caso de que sienta vulnerados sus derechos en lo concerniente a la protecci\u00f3n de sus datos personales, especialmente cuando no haya obtenido satisfacci\u00f3n en el ejercicio de sus derechos, puede presentar una reclamaci\u00f3n ante la Autoridad de Control en materia de Protecci\u00f3n de Datos competente a trav\u00e9s de su sitio web: www.aepd.es.<\/p>\n<p>\u00bfC\u00f3mo hemos obtenido sus datos?<br \/>Los datos personales que tratamos en Photophraser.com on en la APP de Photophraser proceden del propio interesado o su representante legal.<\/p>\n<p>Las categor\u00edas de datos que se tratan son:<\/p>\n<p>Datos identificativos.<br \/>Direcciones postales y electr\u00f3nicas.<\/p>[\/et_pb_text][\/et_pb_column][\/et_pb_row][\/et_pb_section]\n","protected":false},"excerpt":{"rendered":"<p>POL\u00cdTICA DE PRIVACIDAD En photophraser.com nos preocupamos por la privacidad y la transparencia. A continuaci\u00f3n, le indicamos en detalle los tratamientos de datos personales que realizamos, as\u00ed como toda la informaci\u00f3n relativa a los mismos. PROTECCION DE DATOS PERSONALES \u2013 PRIVACIDAD El prestador se encuentra profundamente comprometido con el cumplimiento de la normativa en protecci\u00f3n [&hellip;]<\/p>\n","protected":false},"author":1,"featured_media":0,"parent":0,"menu_order":0,"comment_status":"closed","ping_status":"closed","template":"","meta":{"_et_pb_use_builder":"on","_et_pb_old_content":"","_et_gb_content_width":"","footnotes":""},"class_list":["post-26","page","type-page","status-publish","hentry"],"yoast_head":"<!-- This site is optimized with the Yoast SEO plugin v21.9.1 - https:\/\/yoast.com\/wordpress\/plugins\/seo\/ -->\n<title>Pol\u00edtica de privacidad - PhotoPhraser.com<\/title>\n<meta name=\"robots\" content=\"index, follow, max-snippet:-1, max-image-preview:large, max-video-preview:-1\" \/>\n<link rel=\"canonical\" href=\"https:\/\/photophraser.com\/?page_id=26\" \/>\n<meta property=\"og:locale\" content=\"es_ES\" \/>\n<meta property=\"og:type\" content=\"article\" \/>\n<meta property=\"og:title\" content=\"Pol\u00edtica de privacidad - PhotoPhraser.com\" \/>\n<meta property=\"og:description\" content=\"POL\u00cdTICA DE PRIVACIDAD En photophraser.com nos preocupamos por la privacidad y la transparencia. A continuaci\u00f3n, le indicamos en detalle los tratamientos de datos personales que realizamos, as\u00ed como toda la informaci\u00f3n relativa a los mismos. PROTECCION DE DATOS PERSONALES \u2013 PRIVACIDAD El prestador se encuentra profundamente comprometido con el cumplimiento de la normativa en protecci\u00f3n [&hellip;]\" \/>\n<meta property=\"og:url\" content=\"https:\/\/photophraser.com\/?page_id=26\" \/>\n<meta property=\"og:site_name\" content=\"PhotoPhraser.com\" \/>\n<meta property=\"article:publisher\" content=\"https:\/\/www.facebook.com\/photophraser\" \/>\n<meta property=\"article:modified_time\" content=\"2025-03-18T08:02:43+00:00\" \/>\n<meta name=\"twitter:card\" content=\"summary_large_image\" \/>\n<meta name=\"twitter:label1\" content=\"Tiempo de lectura\" \/>\n\t<meta name=\"twitter:data1\" content=\"4 minutos\" \/>\n<script type=\"application\/ld+json\" class=\"yoast-schema-graph\">{\"@context\":\"https:\/\/schema.org\",\"@graph\":[{\"@type\":\"WebPage\",\"@id\":\"https:\/\/photophraser.com\/?page_id=26\",\"url\":\"https:\/\/photophraser.com\/?page_id=26\",\"name\":\"Pol\u00edtica de privacidad - PhotoPhraser.com\",\"isPartOf\":{\"@id\":\"https:\/\/photophraser.com\/#website\"},\"datePublished\":\"2024-02-19T13:36:25+00:00\",\"dateModified\":\"2025-03-18T08:02:43+00:00\",\"breadcrumb\":{\"@id\":\"https:\/\/photophraser.com\/?page_id=26#breadcrumb\"},\"inLanguage\":\"es\",\"potentialAction\":[{\"@type\":\"ReadAction\",\"target\":[\"https:\/\/photophraser.com\/?page_id=26\"]}]},{\"@type\":\"BreadcrumbList\",\"@id\":\"https:\/\/photophraser.com\/?page_id=26#breadcrumb\",\"itemListElement\":[{\"@type\":\"ListItem\",\"position\":1,\"name\":\"Portada\",\"item\":\"https:\/\/photophraser.com\/\"},{\"@type\":\"ListItem\",\"position\":2,\"name\":\"Pol\u00edtica de privacidad\"}]},{\"@type\":\"WebSite\",\"@id\":\"https:\/\/photophraser.com\/#website\",\"url\":\"https:\/\/photophraser.com\/\",\"name\":\"PhotoPhraser.com\",\"description\":\"Generador de frases basadas en im\u00e1genes que utiliza la inteligencia artificial\",\"potentialAction\":[{\"@type\":\"SearchAction\",\"target\":{\"@type\":\"EntryPoint\",\"urlTemplate\":\"https:\/\/photophraser.com\/?s={search_term_string}\"},\"query-input\":\"required name=search_term_string\"}],\"inLanguage\":\"es\"}]}<\/script>\n<!-- \/ Yoast SEO plugin. -->","yoast_head_json":{"title":"Pol\u00edtica de privacidad - PhotoPhraser.com","robots":{"index":"index","follow":"follow","max-snippet":"max-snippet:-1","max-image-preview":"max-image-preview:large","max-video-preview":"max-video-preview:-1"},"canonical":"https:\/\/photophraser.com\/?page_id=26","og_locale":"es_ES","og_type":"article","og_title":"Pol\u00edtica de privacidad - PhotoPhraser.com","og_description":"POL\u00cdTICA DE PRIVACIDAD En photophraser.com nos preocupamos por la privacidad y la transparencia. A continuaci\u00f3n, le indicamos en detalle los tratamientos de datos personales que realizamos, as\u00ed como toda la informaci\u00f3n relativa a los mismos. PROTECCION DE DATOS PERSONALES \u2013 PRIVACIDAD El prestador se encuentra profundamente comprometido con el cumplimiento de la normativa en protecci\u00f3n [&hellip;]","og_url":"https:\/\/photophraser.com\/?page_id=26","og_site_name":"PhotoPhraser.com","article_publisher":"https:\/\/www.facebook.com\/photophraser","article_modified_time":"2025-03-18T08:02:43+00:00","twitter_card":"summary_large_image","twitter_misc":{"Tiempo de lectura":"4 minutos"},"schema":{"@context":"https:\/\/schema.org","@graph":[{"@type":"WebPage","@id":"https:\/\/photophraser.com\/?page_id=26","url":"https:\/\/photophraser.com\/?page_id=26","name":"Pol\u00edtica de privacidad - PhotoPhraser.com","isPartOf":{"@id":"https:\/\/photophraser.com\/#website"},"datePublished":"2024-02-19T13:36:25+00:00","dateModified":"2025-03-18T08:02:43+00:00","breadcrumb":{"@id":"https:\/\/photophraser.com\/?page_id=26#breadcrumb"},"inLanguage":"es","potentialAction":[{"@type":"ReadAction","target":["https:\/\/photophraser.com\/?page_id=26"]}]},{"@type":"BreadcrumbList","@id":"https:\/\/photophraser.com\/?page_id=26#breadcrumb","itemListElement":[{"@type":"ListItem","position":1,"name":"Portada","item":"https:\/\/photophraser.com\/"},{"@type":"ListItem","position":2,"name":"Pol\u00edtica de privacidad"}]},{"@type":"WebSite","@id":"https:\/\/photophraser.com\/#website","url":"https:\/\/photophraser.com\/","name":"PhotoPhraser.com","description":"Generador de frases basadas en im\u00e1genes que utiliza la inteligencia artificial","potentialAction":[{"@type":"SearchAction","target":{"@type":"EntryPoint","urlTemplate":"https:\/\/photophraser.com\/?s={search_term_string}"},"query-input":"required name=search_term_string"}],"inLanguage":"es"}]}},"_links":{"self":[{"href":"https:\/\/photophraser.com\/index.php?rest_route=\/wp\/v2\/pages\/26","targetHints":{"allow":["GET"]}}],"collection":[{"href":"https:\/\/photophraser.com\/index.php?rest_route=\/wp\/v2\/pages"}],"about":[{"href":"https:\/\/photophraser.com\/index.php?rest_route=\/wp\/v2\/types\/page"}],"author":[{"embeddable":true,"href":"https:\/\/photophraser.com\/index.php?rest_route=\/wp\/v2\/users\/1"}],"replies":[{"embeddable":true,"href":"https:\/\/photophraser.com\/index.php?rest_route=%2Fwp%2Fv2%2Fcomments&post=26"}],"version-history":[{"count":9,"href":"https:\/\/photophraser.com\/index.php?rest_route=\/wp\/v2\/pages\/26\/revisions"}],"predecessor-version":[{"id":69,"href":"https:\/\/photophraser.com\/index.php?rest_route=\/wp\/v2\/pages\/26\/revisions\/69"}],"wp:attachment":[{"href":"https:\/\/photophraser.com\/index.php?rest_route=%2Fwp%2Fv2%2Fmedia&parent=26"}],"curies":[{"name":"wp","href":"https:\/\/api.w.org\/{rel}","templated":true}]}}